{"id":62,"date":"2021-01-12T15:49:07","date_gmt":"2021-01-12T14:49:07","guid":{"rendered":"http:\/\/idpprotec.com\/?page_id=62"},"modified":"2021-03-23T12:29:26","modified_gmt":"2021-03-23T11:29:26","slug":"servicio-tecnico","status":"publish","type":"page","link":"https:\/\/idpprotec.com\/index.php\/servicio-tecnico\/","title":{"rendered":"Servicio T\u00e9cnico"},"content":{"rendered":"\n<p class=\"has-text-color\" style=\"color:#000000\">Tenemos una experiencia de casi 20 a\u00f1os en el sector de seguridad e higiene industrial y nos preocupa mucho el correcto funcionamiento de los detectores. ya que son una parte con m\u00e1xima importancia para prevenir posibles accidentes. Evaluamos los riesgos de explosi\u00f3n, asfixia e intoxicaci\u00f3n, buscando la mejor alternativa para nuestros clientes.<\/p>\n\n\n\n<p class=\"has-text-color\" style=\"color:#000000\">Nuestro principal objetivo, es dar un&nbsp;<strong>servicio que marque la diferencia<\/strong>&nbsp;en este sector, y aparte de la<strong>&nbsp;calidad<\/strong>, nos caracterizamos por nuestra&nbsp;<strong>rapidez<\/strong>, ya que sabemos que este tipo de instalaciones, revisiones y mantenimientos tanto de equipos port\u00e1tiles c\u00f3mo fijos, son muy urgentes dada la importancia y riesgo para el personal e instalaciones. Por lo que el cliente debe disponer de sus equipos a la mayor brevedad posible.<\/p>\n\n\n\n<p class=\"has-text-color\" style=\"color:#000000\">Queremos dar siempre la mejor soluci\u00f3n y que nuestros clientes est\u00e9n siempre informados del estado de sus instalaciones y de las verificaciones en nuestro Servicio T\u00e9cnico.<\/p>\n\n\n\n<p class=\"has-text-color\" style=\"color:#000000\">Por ello, no dudes en contar con nuestros t\u00e9cnicos especialistas, que siempre ofrecer\u00e1n las mejores soluciones y el mejor trato y servicio al cliente.<\/p>\n\n\n\n<p><\/p>\n\n\n\n<p><\/p>\n","protected":false},"excerpt":{"rendered":"<p>Tenemos una experiencia de casi 20 a\u00f1os en el sector de seguridad e higiene industrial y nos preocupa mucho el correcto funcionamiento de los detectores. &hellip;<\/p>\n","protected":false},"author":1,"featured_media":0,"parent":0,"menu_order":1,"comment_status":"closed","ping_status":"closed","template":"","meta":[],"_links":{"self":[{"href":"https:\/\/idpprotec.com\/index.php\/wp-json\/wp\/v2\/pages\/62"}],"collection":[{"href":"https:\/\/idpprotec.com\/index.php\/wp-json\/wp\/v2\/pages"}],"about":[{"href":"https:\/\/idpprotec.com\/index.php\/wp-json\/wp\/v2\/types\/page"}],"author":[{"embeddable":true,"href":"https:\/\/idpprotec.com\/index.php\/wp-json\/wp\/v2\/users\/1"}],"replies":[{"embeddable":true,"href":"https:\/\/idpprotec.com\/index.php\/wp-json\/wp\/v2\/comments?post=62"}],"version-history":[{"count":9,"href":"https:\/\/idpprotec.com\/index.php\/wp-json\/wp\/v2\/pages\/62\/revisions"}],"predecessor-version":[{"id":250,"href":"https:\/\/idpprotec.com\/index.php\/wp-json\/wp\/v2\/pages\/62\/revisions\/250"}],"wp:attachment":[{"href":"https:\/\/idpprotec.com\/index.php\/wp-json\/wp\/v2\/media?parent=62"}],"curies":[{"name":"wp","href":"https:\/\/api.w.org\/{rel}","templated":true}]}}