{"id":315,"date":"2021-03-23T11:55:27","date_gmt":"2021-03-23T10:55:27","guid":{"rendered":"https:\/\/idpprotec.com\/?page_id=315"},"modified":"2021-03-25T12:56:57","modified_gmt":"2021-03-25T11:56:57","slug":"privacidad-cookies-aviso","status":"publish","type":"page","link":"https:\/\/idpprotec.com\/index.php\/privacidad-cookies-aviso\/","title":{"rendered":"Pol\u00edtica de Privacidad, Cookies y Aviso Legal"},"content":{"rendered":"<div class=\"cli_pg_page_contaner\">\n<h2><span style=\"color: #000000;\"><strong>POL\u00cdTICA DE PRIVACIDAD, COOKIES Y AVISO LEGAL<\/strong><\/span><\/h2>\n<p><span style=\"color: #000000;\"><strong>POL\u00cdTICA DE PROTECCI\u00d3N DE DATOS DE CAR\u00c1CTER PERSONAL<\/strong><\/span><\/p>\n<p><span style=\"color: #000000;\"><strong>\u00bfQui\u00e9n es el Responsable del Tratamiento de sus datos personales?<\/strong><\/span><\/p>\n<p><span style=\"color: #000000;\">Identidad: iDP Protec 2020 S.L.<\/span><br \/><span style=\"color: #000000;\">Domicilio social: Avda. Barrancos 54, 28290, Madrid<\/span><br \/><span style=\"color: #000000;\">C.I.F n\u00ba: B02846939<\/span><br \/><span style=\"color: #000000;\">Email: info@idpprotec.com<\/span><br \/><span style=\"color: #000000;\">Tel\u00e9fono: (+34) 623069475<\/span><\/p>\n<p><span style=\"color: #000000;\"><strong>\u00bfCon qu\u00e9 finalidad tratamos sus datos <\/strong><strong>personales?<\/strong><\/span><\/p>\n<p><span style=\"color: #000000;\">Tratamos la informaci\u00f3n que nos facilita el usuario con la finalidad de gestionar las solicitudes de informaci\u00f3n realizadas a trav\u00e9s del Sitio Web y de enviarle comunicaciones acerca de los presupuestos que nos pida o de noticias que puedan ser de su inter\u00e9s (tambi\u00e9n v\u00eda electr\u00f3nica) as\u00ed como los necesarios derivados de nuestra relaci\u00f3n profesional.<\/span><\/p>\n<p><span style=\"color: #000000;\"><strong>\u00bfPor cu\u00e1nto tiempo conservaremos sus datos?<\/strong><\/span><\/p>\n<p><span style=\"color: #000000;\">Los datos personales proporcionados se conservar\u00e1n mientras no se solicite su supresi\u00f3n por el usuario.<\/span><\/p>\n<p><span style=\"color: #000000;\"><strong>\u00bfCu\u00e1l es la legitimaci\u00f3n para el tratamiento de sus datos?<\/strong><\/span><\/p>\n<p><span style=\"color: #000000;\">La base legal para el tratamiento de datos es el consentimiento del usuario prestado mediante la aceptaci\u00f3n de la cl\u00e1usula de tratamiento de datos y, en el caso de la contrataci\u00f3n de productos, tambi\u00e9n en base a la ejecuci\u00f3n del contrato.<\/span><br \/><span style=\"color: #000000;\">En los formularios del Sitio Web, ser\u00e1 necesario que el usuario cumplimente los campos marcados como \u201cobligatorios\u201d. Si no se facilitan todos los datos de car\u00e1cter personal requeridos por iDP Protec 2020, podr\u00eda implicar una incompleta atenci\u00f3n de la solicitud requerida, d\u00e1ndose la imposibilidad de recibir comunicaciones comerciales.<\/span><br \/><span style=\"color: #000000;\">El usuario deber\u00e1 comunicar a iDP Protec 2020 sus datos personales actuales a fin de que la informaci\u00f3n contenida en sus ficheros est\u00e9 actualizada y sin errores.<\/span><br \/><span style=\"color: #000000;\">El usuario tiene derecho a revocar su consentimiento en cualquier momento sin que ello afecte de forma retroactiva al tratamiento de datos personales realizado hasta ese momento.<\/span><\/p>\n<p><span style=\"color: #000000;\"><strong>\u00bfA qu\u00e9 destinatarios se comunicar\u00e1n sus datos?<\/strong><\/span><\/p>\n<p><span style=\"color: #000000;\">Podemos compartir tus datos empresas de mensajer\u00eda y log\u00edstica, para poder llevar a cabo la entrega y\/o devoluci\u00f3n de los productos.<\/span><\/p>\n<p><span style=\"color: #000000;\"><strong>\u00bfCu\u00e1les son sus derechos cuando nos facilita sus datos personales?<\/strong><\/span><\/p>\n<p><span style=\"color: #000000;\">Cualquier usuario tiene derecho a obtener confirmaci\u00f3n sobre si en iDP Protec 2020, estamos tratando datos personales que les concierne o no.<\/span><br \/><span style=\"color: #000000;\">El usuario puede ejercer su derecho de acceso a los datos personales, as\u00ed como solicitar la rectificaci\u00f3n de los datos inexactos o, en su caso, solicitar su cancelaci\u00f3n o supresi\u00f3n cuando los datos ya no sean necesarios para los fines que fueron recogidos.<\/span><br \/><span style=\"color: #000000;\">El usuario tambi\u00e9n podr\u00e1 solicitar la limitaci\u00f3n y oposici\u00f3n del tratamiento de sus datos, en determinadas circunstancias y por motivos relacionados con su situaci\u00f3n particular.<\/span><br \/><span style=\"color: #000000;\">El usuario podr\u00e1 ejercitar los derechos referidos anteriormente, en los t\u00e9rminos y condiciones previstos en la legislaci\u00f3n vigente, en el domicilio social de iDP Protec 2020 o solicitarlo mediante correo electr\u00f3nico a\u00a0info@idpprotec.com.<\/span><br \/><span style=\"color: #000000;\">En el supuesto de que no obtenga una respuesta satisfactoria y desee formular una reclamaci\u00f3n u obtener mayor informaci\u00f3n al respecto de cualquiera de estos derechos, puede acudirse a la Agencia Espa\u00f1ola de Protecci\u00f3n de Datos (<a style=\"color: #000000;\" href=\"https:\/\/www.aepd.es\/es\">www.agpd.es<\/a>\u00a0\u2013 C\/ Jorge Juan, 6 de Madrid).<\/span><\/p>\n<h3>\u00a0<\/h3>\n<h3><span style=\"color: #000000;\">POL\u00cdTICA DE COOKIES<\/span><\/h3>\n<h3><span style=\"color: #000000;\">Acerca de la pol\u00edtica de cookies<\/span><\/h3>\n<div><span style=\"color: #000000;\">Esta Pol\u00edtica de cookies explica qu\u00e9 son las cookies y c\u00f3mo las usamos, los tipos de cookies que usamos, es decir, la informaci\u00f3n que recopilamos usando cookies y c\u00f3mo se usa esa informaci\u00f3n, y c\u00f3mo controlar las preferencias de cookies. Para obtener m\u00e1s informaci\u00f3n sobre c\u00f3mo usamos, almacenamos y mantenemos seguros sus datos personales, consulte nuestra Pol\u00edtica de privacidad.En cualquier momento puede cambiar o retirar su consentimiento de la Declaraci\u00f3n de cookies en nuestro sitio web.Obtenga m\u00e1s informaci\u00f3n sobre qui\u00e9nes somos, c\u00f3mo puede comunicarse con nosotros y c\u00f3mo procesamos los datos personales en nuestra Pol\u00edtica de privacidad.Su consentimiento se aplica a los siguientes dominios: idpprotec.com<div class=\"cli_user_consent_state\">Tu estado actual: No se ha dado ning\u00fan consentimiento. <a class=\"cli_manage_current_consent\" style=\"cursor:pointer;\">Gestiona tu consentimiento.<\/a> <\/div><\/span>\n<p>\u00a0<\/p>\n<\/div>\n<h3><span style=\"color: #000000;\">\u00bfQu\u00e9 son las cookies?<\/span><\/h3>\n<div><span style=\"color: #000000;\">Las cookies son peque\u00f1os archivos de texto que se utilizan para almacenar peque\u00f1os fragmentos de informaci\u00f3n. Se almacenan en su dispositivo cuando el sitio web se carga en su navegador. Estas cookies nos ayudan a hacer que el sitio web funcione correctamente, hacerlo m\u00e1s seguro, brindar una mejor experiencia al usuario, comprender c\u00f3mo funciona el sitio web y analizar qu\u00e9 funciona y d\u00f3nde necesita mejorar.<\/span><\/div>\n<h3><span style=\"color: #000000;\">\u00bfC\u00f3mo usamos las cookies?<\/span><\/h3>\n<div><span style=\"color: #000000;\">Como la mayor\u00eda de los servicios en l\u00ednea, nuestro sitio web utiliza cookies propias y de terceros para varios prop\u00f3sitos. Las cookies de origen son principalmente necesarias para que el sitio web funcione correctamente y no recopilan ninguno de sus datos de identificaci\u00f3n personal.Las cookies de terceros utilizadas en nuestro sitio web son principalmente para comprender c\u00f3mo funciona el sitio web, c\u00f3mo interact\u00faa con nuestro sitio web, mantener nuestros servicios seguros, proporcionar anuncios que sean relevantes para usted y, en general, brindarle un usuario mejor y mejorado. experiencia y ayude a acelerar sus interacciones futuras con nuestro sitio web.<\/span><\/div>\n<h3><span style=\"color: #000000;\">\u00bfQu\u00e9 tipos de cookies utilizamos?<\/span><\/h3>\n<div><span style=\"color: #000000;\">Esencial: algunas cookies son esenciales para que pueda experimentar la funcionalidad completa de nuestro sitio. Nos permiten mantener las sesiones de los usuarios y prevenir cualquier amenaza a la seguridad. No recopilan ni almacenan ninguna informaci\u00f3n personal. Por ejemplo, estas cookies le permiten iniciar sesi\u00f3n en su cuenta y agregar productos a su carrito y realizar el pago de forma segura.Estad\u00edsticas: estas cookies almacenan informaci\u00f3n como el n\u00famero de visitantes al sitio web, el n\u00famero de visitantes \u00fanicos, qu\u00e9 p\u00e1ginas del sitio web se han visitado, la fuente de la visita, etc. Estos datos nos ayudan a comprender y analizar el rendimiento del sitio web. y donde necesita mejorar.Marketing: nuestro sitio web muestra anuncios. Estas cookies se utilizan para personalizar los anuncios que le mostramos para que sean significativos para usted. Estas cookies tambi\u00e9n nos ayudan a realizar un seguimiento de la eficiencia de estas campa\u00f1as publicitarias.Los proveedores de publicidad de terceros tambi\u00e9n pueden utilizar la informaci\u00f3n almacenada en estas cookies para mostrarle anuncios en otros sitios web en el navegador.<\/span>\n<p>\u00a0<\/p>\n<p><span style=\"color: #000000;\">Funcionales: Son las cookies que ayudan a determinadas funcionalidades no esenciales de nuestro sitio web. Estas funcionalidades incluyen incrustar contenido como videos o compartir contenido del sitio web en plataformas de redes sociales.<\/span><\/p>\n<p><span style=\"color: #000000;\">Preferencias: estas cookies nos ayudan a almacenar su configuraci\u00f3n y preferencias de navegaci\u00f3n, como las preferencias de idioma, para que tenga una experiencia mejor y m\u00e1s eficiente en futuras visitas al sitio web.<\/span><\/p>\n<p><span style=\"color: #000000;\"><table class=\"cookielawinfo-row-cat-table cookielawinfo-classic\"><thead><tr><th class=\"cookielawinfo-column-1\">Cookie<\/th><th class=\"cookielawinfo-column-2\">Tipo<\/th><th class=\"cookielawinfo-column-3\">Duraci\u00f3n<\/th><th class=\"cookielawinfo-column-4\">Descripci\u00f3n<\/th><\/tr><\/thead><tbody><tr class=\"cookielawinfo-row\"><td class=\"cookielawinfo-column-1\">cookielawinfo-checbox-analytics<\/td><td class=\"cookielawinfo-column-2\">0<\/td><td class=\"cookielawinfo-column-3\">11 months<\/td><td class=\"cookielawinfo-column-4\">This cookie is set by GDPR Cookie Consent plugin. The cookie is used to store the user consent for the cookies in the category \"Analytics\".<\/td><\/tr><tr class=\"cookielawinfo-row\"><td class=\"cookielawinfo-column-1\">cookielawinfo-checbox-functional<\/td><td class=\"cookielawinfo-column-2\">0<\/td><td class=\"cookielawinfo-column-3\">11 months<\/td><td class=\"cookielawinfo-column-4\">The cookie is set by GDPR cookie consent to record the user consent for the cookies in the category \"Functional\".<\/td><\/tr><tr class=\"cookielawinfo-row\"><td class=\"cookielawinfo-column-1\">cookielawinfo-checbox-others<\/td><td class=\"cookielawinfo-column-2\">0<\/td><td class=\"cookielawinfo-column-3\">11 months<\/td><td class=\"cookielawinfo-column-4\">This cookie is set by GDPR Cookie Consent plugin. The cookie is used to store the user consent for the cookies in the category \"Other.<\/td><\/tr><tr class=\"cookielawinfo-row\"><td class=\"cookielawinfo-column-1\">cookielawinfo-checkbox-necessary<\/td><td class=\"cookielawinfo-column-2\">0<\/td><td class=\"cookielawinfo-column-3\">11 months<\/td><td class=\"cookielawinfo-column-4\">This cookie is set by GDPR Cookie Consent plugin. The cookies is used to store the user consent for the cookies in the category \"Necessary\".<\/td><\/tr><tr class=\"cookielawinfo-row\"><td class=\"cookielawinfo-column-1\">cookielawinfo-checkbox-performance<\/td><td class=\"cookielawinfo-column-2\">0<\/td><td class=\"cookielawinfo-column-3\">11 months<\/td><td class=\"cookielawinfo-column-4\">This cookie is set by GDPR Cookie Consent plugin. The cookie is used to store the user consent for the cookies in the category \"Performance\".<\/td><\/tr><tr class=\"cookielawinfo-row\"><td class=\"cookielawinfo-column-1\">viewed_cookie_policy<\/td><td class=\"cookielawinfo-column-2\">0<\/td><td class=\"cookielawinfo-column-3\">11 months<\/td><td class=\"cookielawinfo-column-4\">The cookie is set by the GDPR Cookie Consent plugin and is used to store whether or not user has consented to the use of cookies. It does not store any personal data.<\/td><\/tr><\/tbody><\/table><\/span><\/p>\n<\/div>\n<h3><span style=\"color: #000000;\">\u00bfC\u00f3mo puedo controlar las preferencias de las cookies?<\/span><\/h3>\n<div><span style=\"color: #000000;\">Si decide cambiar sus preferencias m\u00e1s adelante a trav\u00e9s de su sesi\u00f3n de navegaci\u00f3n, puede hacer clic en la pesta\u00f1a \u00abPol\u00edtica de privacidad y cookies\u00bb en su pantalla. Esto mostrar\u00e1 el aviso de consentimiento nuevamente permiti\u00e9ndole cambiar sus preferencias o retirar su consentimiento por completo. Adem\u00e1s de esto, los diferentes navegadores proporcionan diferentes m\u00e9todos para bloquear y eliminar las cookies utilizadas por los sitios web. Puede cambiar la configuraci\u00f3n de su navegador para bloquear \/ eliminar las cookies. Para obtener m\u00e1s informaci\u00f3n sobre c\u00f3mo administrar y eliminar las cookies, visite wikipedia.org<\/span><\/div>\n<\/div>\n<div>\u00a0<\/div>\n<div>\n<h2><span style=\"color: #000000;\"><strong>AVISO LEGAL<\/strong><\/span><\/h2>\n<h4><span style=\"color: #000000;\"><strong>DATOS GENERALES<\/strong><\/span><\/h4>\n<p><span style=\"color: #000000;\"><strong style=\"font-style: inherit;\">De acuerdo con el art\u00edculo 10 de la Ley 34\/2002, de 11 de julio, de Servicios de la Sociedad de la Informaci\u00f3n y de Comercio Electr\u00f3nico ponemos a su disposici\u00f3n los siguientes datos:<\/strong><\/span><\/p>\n<p><span style=\"color: #000000;\">iDP Protec 2020 S.L.\u00a0est\u00e1 domiciliada en la calle\u00a0Avda. Barrancos 54, 28290, Las Rozas de Madrid, Madrid, con CIF\u00a0B02846939. Inscrito en el Registro Mercantil de Madrid, Tomo 41291 del Libro de Sociedades, Folio 117, Hoja N\u00fam. M731903, Inscripci\u00f3n 1\u00aa.<\/span><\/p>\n<p><span style=\"color: #000000;\">En la web\u00a0www.idpprotec.com\u00a0hay una serie de contenidos de car\u00e1cter informativo sobre\u00a0servicio t\u00e9cnico e informaci\u00f3n de las actividades realizadas, pudiendo solicitar datos al cliente para la realizaci\u00f3n de informaciones y presupuestos.<\/span><\/p>\n<p><span style=\"color: #000000;\"><strong style=\"font-style: inherit;\">Su principal objetivo<\/strong>\u00a0es facilitar a los clientes y al p\u00fablico en general, la informaci\u00f3n relativa a la empresa, a los productos y servicios que se ofrecen.<\/span><\/p>\n<h4><span style=\"color: #000000;\"><strong>POL\u00cdTICA DE PRIVACIDAD<\/strong><\/span><\/h4>\n<p><span style=\"color: #000000;\">En cumplimiento de lo dispuesto en\u00a0<strong style=\"font-style: inherit;\">la Ley Org\u00e1nica 15\/1999, de 13 de Diciembre, de Protecci\u00f3n de Datos de Car\u00e1cter Personal (LOPD)\u00a0<\/strong>se informa al usuario que todos los datos que nos proporcione ser\u00e1n incorporados a un fichero, creado y mantenido bajo la responsabilidad de iDP Protec 2020 S.L.<\/span><\/p>\n<p><span style=\"color: #000000;\">Siempre<strong style=\"font-style: inherit;\">\u00a0se va a respetar la confidencialidad de sus datos personales<\/strong>\u00a0que s\u00f3lo ser\u00e1n utilizados con la finalidad de gestionar los servicios ofrecidos, atender a las solicitudes que nos plantee, realizar tareas administrativas, as\u00ed como remitir informaci\u00f3n t\u00e9cnica, comercial o publicitaria por v\u00eda ordinaria o electr\u00f3nica.<\/span><\/p>\n<p><span style=\"color: #000000;\">Para ejercer sus\u00a0<strong style=\"font-style: inherit;\">derechos de oposici\u00f3n, rectificaci\u00f3n o cancelaci\u00f3n<\/strong>\u00a0deber\u00e1 dirigirse a la sede de la empresa\u00a0iDP Protec 2020 S.L., escribirnos al siguiente correo: info@idpprotec.com\u00a0o ll\u00e1manos al +34 623069475.<\/span><\/p>\n<h4><span style=\"color: #000000;\"><strong>CONDICIONES DE USO<\/strong><\/span><\/h4>\n<p><span style=\"color: #000000;\"><strong style=\"font-style: inherit;\">Las condiciones de acceso y uso del presente sitio web se rigen por la legalidad vigente y por el principio de buena fe<\/strong>\u00a0comprometi\u00e9ndose el usuario a realizar un buen uso de la web. No se permiten conductas que vayan contra la ley, los derechos o intereses de terceros.<\/span><\/p>\n<p><span style=\"color: #000000;\">Ser usuario de la web de\u00a0www.idpprotec.com ,\u00a0implica que reconoce haber le\u00eddo y aceptado las presentes condiciones y lo que las extienda la normativa legal aplicable en esta materia. Si por el motivo que fuere no est\u00e1 de acuerdo con estas condiciones no contin\u00fae usando esta web.<\/span><\/p>\n<p><span style=\"color: #000000;\"><strong style=\"font-style: inherit;\">Cualquier tipo de notificaci\u00f3n y\/o reclamaci\u00f3n solamente ser\u00e1 v\u00e1lida por notificaci\u00f3n escrita y\/o correo certificado<\/strong><strong>.<\/strong><\/span><\/p>\n<h4><span style=\"color: #000000;\"><strong>RESPONSABILIDADES<\/strong><\/span><\/h4>\n<p><span style=\"color: #000000;\">iDP Protec 2020 S.L.\u00a0<strong style=\"font-style: inherit;\">no se hace responsable de la informaci\u00f3n y contenidos almacenados en foros, redes sociales o cualesquier otro medio<\/strong>\u00a0que permita a terceros publicar contenidos de forma independiente en la p\u00e1gina web del prestador.<\/span><\/p>\n<p><span style=\"color: #000000;\">Sin embargo, teniendo en cuenta los art. 11 y 16 de la LSSI-CE,\u00a0iDP Protec 2020 S.L.<strong style=\"font-style: inherit;\">\u00a0se compromete a la retirada o en su caso bloqueo de aquellos contenidos que pudieran afectar o contravenir la legislaci\u00f3n nacional o internacional<\/strong>, derechos de terceros o la moral y el orden p\u00fablico.<\/span><\/p>\n<p><span style=\"color: #000000;\"><strong style=\"font-style: inherit;\">Tampoco la empresa se responsabilizar\u00e1 de los da\u00f1os y perjuicios que se produzcan por fallos o malas configuraciones del software instalado en el ordenador del internauta.<\/strong>\u00a0Se excluye toda responsabilidad por alguna incidencia t\u00e9cnica o fallo que se produzca cuando el usuario se conecte a internet. Igualmente no se garantiza la inexistencia de interrupciones o errores en el acceso al sitio web.<\/span><\/p>\n<p><span style=\"color: #000000;\">As\u00ed mismo,\u00a0iDP Protec 2020 S.L.\u00a0<strong style=\"font-style: inherit;\">se reserva el derecho a actualizar, modificar o eliminar la informaci\u00f3n contenida en su p\u00e1gina web<\/strong>, as\u00ed como la configuraci\u00f3n o presentaci\u00f3n del mismo, en cualquier momento sin asumir alguna responsabilidad por ello.<\/span><\/p>\n<h4><span style=\"color: #000000;\"><strong>PROPIEDAD INTELECTUAL E INDUSTRIAL<\/strong><\/span><\/h4>\n<p><span style=\"color: #000000;\">iDP Protec 2020 S.L.<strong style=\"font-style: inherit;\">\u00a0es titular de todos los derechos sobre el software de la publicaci\u00f3n digital as\u00ed como de los derechos de propiedad industrial e intelectual referidos a los contenidos que se incluyan<\/strong>, a excepci\u00f3n de los derechos sobre productos y servicios de car\u00e1cter p\u00fablico que no son propiedad de esta empresa.<\/span><\/p>\n<p><span style=\"color: #000000;\"><strong style=\"font-style: inherit;\">Ning\u00fan material publicado en esta web podr\u00e1 ser reproducido, copiado o publicado<\/strong>\u00a0sin el consentimiento por escrito de\u00a0iDP Protec 2020 S.L.<\/span><\/p>\n<p><span style=\"color: #000000;\"><strong style=\"font-style: inherit;\">Toda la informaci\u00f3n que se reciba en la web, como comentarios, sugerencias o ideas, se considerar\u00e1 cedida<\/strong>\u00a0a\u00a0iDP Protec 2020 S.L.\u00a0de manera gratuita. No debe enviarse informaci\u00f3n que NO pueda ser tratada de este modo.<\/span><\/p>\n<p><span style=\"color: #000000;\">LEY APLICABLE Y JURISDICCI\u00d3N<\/span><\/p>\n<p><span style=\"color: #000000;\"><strong style=\"font-style: inherit;\">Las presentes condiciones generales se rigen por la legislaci\u00f3n espa\u00f1ola.<\/strong>\u00a0Para cualquier litigio que pudiera surgir relacionado con el sitio web o la actividad que en \u00e9l se desarrolla ser\u00e1n competentes Juzgados de\u00a0(lugar en el que le sea m\u00e1s f\u00e1cil a la empresa llegar, normalmente es la ciudad en la que se encuentra ubicada), renunciando expresamente el usuario a cualquier otro fuero que pudiera corresponderle<\/span><\/p>\n<p><span style=\"color: #000000;\">En el caso de que cualquier usuario o un tercero considere que existen hechos o circunstancias que revelen el car\u00e1cter il\u00edcito de la utilizaci\u00f3n de cualquier contenido y\/o de la realizaci\u00f3n de cualquier actividad en las p\u00e1ginas web incluidas o accesibles a trav\u00e9s del sitio web, deber\u00e1 enviar una notificaci\u00f3n a iDP Protec 2020 S.L, identific\u00e1ndose debidamente, especificando las supuestas infracciones y declarando expresamente y bajo su responsabilidad que la informaci\u00f3n facilitada es exacta.<\/span><\/p>\n<p><span style=\"color: #000000;\">Las partes se someten expresamente, para cualquier cuesti\u00f3n o divergencias que pudieran suscitarse por raz\u00f3n de la interpretaci\u00f3n, cumplimiento y ejecuci\u00f3n de este contrato, a la jurisdicci\u00f3n y competencia de los Juzgados y Tribunales correspondientes al domicilio del usuario o a los del lugar de cumplimiento de la obligaci\u00f3n contractual.<\/span><\/p>\n<\/div>\n<div>\u00a0<\/div>\n\n\n<p><\/p>\n","protected":false},"excerpt":{"rendered":"<p>POL\u00cdTICA DE PRIVACIDAD, COOKIES Y AVISO LEGAL POL\u00cdTICA DE PROTECCI\u00d3N DE DATOS DE CAR\u00c1CTER PERSONAL \u00bfQui\u00e9n es el Responsable del Tratamiento de sus datos personales? &hellip;<\/p>\n","protected":false},"author":1,"featured_media":0,"parent":0,"menu_order":0,"comment_status":"closed","ping_status":"closed","template":"","meta":[],"_links":{"self":[{"href":"https:\/\/idpprotec.com\/index.php\/wp-json\/wp\/v2\/pages\/315"}],"collection":[{"href":"https:\/\/idpprotec.com\/index.php\/wp-json\/wp\/v2\/pages"}],"about":[{"href":"https:\/\/idpprotec.com\/index.php\/wp-json\/wp\/v2\/types\/page"}],"author":[{"embeddable":true,"href":"https:\/\/idpprotec.com\/index.php\/wp-json\/wp\/v2\/users\/1"}],"replies":[{"embeddable":true,"href":"https:\/\/idpprotec.com\/index.php\/wp-json\/wp\/v2\/comments?post=315"}],"version-history":[{"count":10,"href":"https:\/\/idpprotec.com\/index.php\/wp-json\/wp\/v2\/pages\/315\/revisions"}],"predecessor-version":[{"id":372,"href":"https:\/\/idpprotec.com\/index.php\/wp-json\/wp\/v2\/pages\/315\/revisions\/372"}],"wp:attachment":[{"href":"https:\/\/idpprotec.com\/index.php\/wp-json\/wp\/v2\/media?parent=315"}],"curies":[{"name":"wp","href":"https:\/\/api.w.org\/{rel}","templated":true}]}}