{"id":2,"date":"2020-11-02T12:33:30","date_gmt":"2020-11-02T11:33:30","guid":{"rendered":"http:\/\/idpprotec.com\/?page_id=2"},"modified":"2021-03-26T09:24:37","modified_gmt":"2021-03-26T08:24:37","slug":"empresa","status":"publish","type":"page","link":"https:\/\/idpprotec.com\/index.php\/empresa\/","title":{"rendered":"Empresa"},"content":{"rendered":"\n<p class=\"has-headings-color has-text-color\"><span style=\"color:#000000\" class=\"has-inline-color\">iDP Protec, es una empresa instaladora en baja tensi\u00f3n (Categor\u00eda Especialista) autorizada, que nace a trav\u00e9s de dos t\u00e9cnicos cualificados con una experiencia de casi 20 a\u00f1os en el sector de Seguridad (Detecci\u00f3n de gases) e Higiene Industrial.<\/span> <\/p>\n\n\n\n<p class=\"has-headings-color has-text-color\"><span style=\"color:#000000\" class=\"has-inline-color\">Despu\u00e9s de evaluar las principales necesidades de los clientes durante todos estos a\u00f1os, hemos querido darles un servicio de asistencia t\u00e9cnica de calidad, en el que destaquen las siguientes cualidades:<\/span><\/p>\n\n\n\n<ul><li><span style=\"color:#000000\" class=\"has-inline-color\"><strong>Rapidez (Entendemos que es indispensable en la verificaci\u00f3n y reparaci\u00f3n de tipo de equipos)<\/strong><\/span><\/li><li><span style=\"color:#000000\" class=\"has-inline-color\"><strong>Informaci\u00f3n (Nuestros clientes deben saber el estado en el que se encuentran sus equipos en cada momento)<\/strong><\/span><\/li><li><span style=\"color:#000000\" class=\"has-inline-color\"><strong>Soluciones (Daremos el mejor soporte y alternativa ante cualquier imprevisto)<\/strong><\/span><\/li><li><span style=\"color:#000000\" class=\"has-inline-color\"><strong>Facilidades (Queremos mayor comodidad para nuestros clientes, por lo que tambi\u00e9n ofrecemos realizar instalaciones llave en mano)<\/strong><\/span><\/li><\/ul>\n\n\n\n<p class=\"has-headings-color has-text-color\"><span style=\"color:#000000\" class=\"has-inline-color\">Nuestros t\u00e9cnicos dan el mejor servicio y soporte a nivel nacional, no dudes en contactar con nosotros.<\/span><\/p>\n\n\n\n<div class=\"wp-block-columns\">\n<div class=\"wp-block-column\">\n<div class=\"wp-block-image\"><figure class=\"aligncenter size-large is-resized\"><img loading=\"lazy\" src=\"http:\/\/idpprotec.com\/wp-content\/uploads\/2021\/03\/dani-circulo-1024x1022.png\" alt=\"\" class=\"wp-image-282\" width=\"291\" height=\"290\" srcset=\"https:\/\/idpprotec.com\/wp-content\/uploads\/2021\/03\/dani-circulo-1024x1022.png 1024w, https:\/\/idpprotec.com\/wp-content\/uploads\/2021\/03\/dani-circulo-300x300.png 300w, https:\/\/idpprotec.com\/wp-content\/uploads\/2021\/03\/dani-circulo-150x150.png 150w, https:\/\/idpprotec.com\/wp-content\/uploads\/2021\/03\/dani-circulo-768x767.png 768w, https:\/\/idpprotec.com\/wp-content\/uploads\/2021\/03\/dani-circulo.png 1254w\" sizes=\"(max-width: 291px) 100vw, 291px\" \/><figcaption><span style=\"color:#0a143f\" class=\"has-inline-color\"><strong>DANIEL MONTERO<\/strong><\/span><\/figcaption><\/figure><\/div>\n\n\n\n<p class=\"has-text-align-center has-headings-color has-text-color\"><em>Responsable t\u00e9cnico de seguridad e higiene industrial<\/em><\/p>\n\n\n\n<p class=\"has-text-align-center has-headings-color has-text-color\">+34 623.06.94.75<\/p>\n<\/div>\n\n\n\n<div class=\"wp-block-column\">\n<div class=\"wp-block-image\"><figure class=\"aligncenter size-large is-resized\"><a href=\"http:\/\/idpprotec.com\/wp-content\/uploads\/2021\/03\/pedro-circulo.png\"><img loading=\"lazy\" src=\"http:\/\/idpprotec.com\/wp-content\/uploads\/2021\/03\/pedro-circulo-1009x1024.png\" alt=\"\" class=\"wp-image-283\" width=\"292\" height=\"295\" srcset=\"https:\/\/idpprotec.com\/wp-content\/uploads\/2021\/03\/pedro-circulo-1009x1024.png 1009w, https:\/\/idpprotec.com\/wp-content\/uploads\/2021\/03\/pedro-circulo-296x300.png 296w, https:\/\/idpprotec.com\/wp-content\/uploads\/2021\/03\/pedro-circulo.png 1260w\" sizes=\"(max-width: 292px) 100vw, 292px\" \/><\/a><figcaption><strong><span style=\"color:#0a143f\" class=\"has-inline-color\">PEDRO MENESES<\/span><\/strong><\/figcaption><\/figure><\/div>\n\n\n\n<p class=\"has-text-align-center has-headings-color has-text-color\"><em>Responsable t\u00e9cnico de instalaciones y proyectos<\/em><\/p>\n\n\n\n<p class=\"has-text-align-center has-headings-color has-text-color\">+34 623.06.93.09<\/p>\n<\/div>\n<\/div>\n\n\n\n<p><\/p>\n","protected":false},"excerpt":{"rendered":"<p>iDP Protec, es una empresa instaladora en baja tensi\u00f3n (Categor\u00eda Especialista) autorizada, que nace a trav\u00e9s de dos t\u00e9cnicos cualificados con una experiencia de casi &hellip;<\/p>\n","protected":false},"author":1,"featured_media":0,"parent":0,"menu_order":1,"comment_status":"closed","ping_status":"closed","template":"","meta":[],"_links":{"self":[{"href":"https:\/\/idpprotec.com\/index.php\/wp-json\/wp\/v2\/pages\/2"}],"collection":[{"href":"https:\/\/idpprotec.com\/index.php\/wp-json\/wp\/v2\/pages"}],"about":[{"href":"https:\/\/idpprotec.com\/index.php\/wp-json\/wp\/v2\/types\/page"}],"author":[{"embeddable":true,"href":"https:\/\/idpprotec.com\/index.php\/wp-json\/wp\/v2\/users\/1"}],"replies":[{"embeddable":true,"href":"https:\/\/idpprotec.com\/index.php\/wp-json\/wp\/v2\/comments?post=2"}],"version-history":[{"count":27,"href":"https:\/\/idpprotec.com\/index.php\/wp-json\/wp\/v2\/pages\/2\/revisions"}],"predecessor-version":[{"id":374,"href":"https:\/\/idpprotec.com\/index.php\/wp-json\/wp\/v2\/pages\/2\/revisions\/374"}],"wp:attachment":[{"href":"https:\/\/idpprotec.com\/index.php\/wp-json\/wp\/v2\/media?parent=2"}],"curies":[{"name":"wp","href":"https:\/\/api.w.org\/{rel}","templated":true}]}}