{"id":187,"date":"2021-02-15T13:09:29","date_gmt":"2021-02-15T12:09:29","guid":{"rendered":"http:\/\/idpprotec.com\/?page_id=187"},"modified":"2021-08-24T20:04:17","modified_gmt":"2021-08-24T19:04:17","slug":"instalaciones-electricas","status":"publish","type":"page","link":"https:\/\/idpprotec.com\/index.php\/servicio-tecnico\/instalaciones-electricas\/","title":{"rendered":"Instalaciones El\u00e9ctricas"},"content":{"rendered":"\n<p class=\"has-headings-color has-text-color\"><span class=\"has-inline-color has-sitetext-color\">Somos una empresa instaladora el\u00e9ctrica en baja tensi\u00f3n (Categor\u00eda Especialista) autorizada. Disponemos de toda la instrumentaci\u00f3n necesaria para cumplir con las medidas el\u00e9ctricas reglamentarias.<\/span><\/p>\n\n\n\n<h4><strong>Instalaci\u00f3n de punto de recarga<\/strong><\/h4>\n\n\n\n<p>Instalamos tu punto de recarga para todo tipo de veh\u00edculos el\u00e9ctricos h\u00edbridos enchufables PHEV, as\u00ed como veh\u00edculos el\u00e9ctricos puros VE.<\/p>\n\n\n\n<p><strong>Estudio e instalaci\u00f3n personalizados<\/strong><\/p>\n\n\n\n<p>Realizamos la instalaci\u00f3n personalizada seg\u00fan sus necesidades, pudiendo ofrecer puntos de recarga de fabricantes de prestigio; CIRCUTOR, V2Charge, POLICHARGER: compatibles con todos los fabricantes de veh\u00edculos.<\/p>\n\n\n\n<p>Si aun as\u00ed el concesionario de la marca del veh\u00edculo le proporciona un cargador especifico, ofrecemos la instalaci\u00f3n el\u00e9ctrica para la alimentaci\u00f3n del mismo, as\u00ed como la instalaci\u00f3n de su cargador.<\/p>\n\n\n\n<p>Realizamos un estudio de cada caso particular. Desde visita inicial para ver instalaci\u00f3n y presupuesto acorde a las necesidades espec\u00edficas, as\u00ed como la realizaci\u00f3n de la instalaci\u00f3n y tr\u00e1mites de subvenciones de la comunidad de Madrid.<\/p>\n\n\n\n<p><strong>Solicita asesoramiento<\/strong><\/p>\n\n\n\n<p>En iDP Protec 2020, disponemos de personal el\u00e9ctrico especializado que, en colaboraci\u00f3n directa con el fabricante de equipos, puede resolver cada caso de forma particular, y cumpliendo en todo momento la Instrucci\u00f3n T\u00e9cnica ITC-BT-52, aprobada en 2014, del Reglamento Electrot\u00e9cnico de Baja Tensi\u00f3n (REBT).<\/p>\n\n\n\n<div class=\"wp-block-image\"><figure class=\"aligncenter size-large\"><img loading=\"lazy\" width=\"1024\" height=\"622\" src=\"https:\/\/idpprotec.com\/wp-content\/uploads\/2021\/08\/iDP-Protec-INSTALACIONES-COCHES-ELECTRICOS_movesiii-1024x622.png\" alt=\"\" class=\"wp-image-434\" srcset=\"https:\/\/idpprotec.com\/wp-content\/uploads\/2021\/08\/iDP-Protec-INSTALACIONES-COCHES-ELECTRICOS_movesiii-1024x622.png 1024w, https:\/\/idpprotec.com\/wp-content\/uploads\/2021\/08\/iDP-Protec-INSTALACIONES-COCHES-ELECTRICOS_movesiii-300x182.png 300w, https:\/\/idpprotec.com\/wp-content\/uploads\/2021\/08\/iDP-Protec-INSTALACIONES-COCHES-ELECTRICOS_movesiii-768x466.png 768w, https:\/\/idpprotec.com\/wp-content\/uploads\/2021\/08\/iDP-Protec-INSTALACIONES-COCHES-ELECTRICOS_movesiii-1536x933.png 1536w, https:\/\/idpprotec.com\/wp-content\/uploads\/2021\/08\/iDP-Protec-INSTALACIONES-COCHES-ELECTRICOS_movesiii-2048x1243.png 2048w, https:\/\/idpprotec.com\/wp-content\/uploads\/2021\/08\/iDP-Protec-INSTALACIONES-COCHES-ELECTRICOS_movesiii-494x300.png 494w, https:\/\/idpprotec.com\/wp-content\/uploads\/2021\/08\/iDP-Protec-INSTALACIONES-COCHES-ELECTRICOS_movesiii-496x300.png 496w\" sizes=\"(max-width: 1024px) 100vw, 1024px\" \/><\/figure><\/div>\n","protected":false},"excerpt":{"rendered":"<p>Somos una empresa instaladora el\u00e9ctrica en baja tensi\u00f3n (Categor\u00eda Especialista) autorizada. Disponemos de toda la instrumentaci\u00f3n necesaria para cumplir con las medidas el\u00e9ctricas reglamentarias. Instalaci\u00f3n &hellip;<\/p>\n","protected":false},"author":1,"featured_media":100,"parent":62,"menu_order":2,"comment_status":"closed","ping_status":"closed","template":"","meta":[],"_links":{"self":[{"href":"https:\/\/idpprotec.com\/index.php\/wp-json\/wp\/v2\/pages\/187"}],"collection":[{"href":"https:\/\/idpprotec.com\/index.php\/wp-json\/wp\/v2\/pages"}],"about":[{"href":"https:\/\/idpprotec.com\/index.php\/wp-json\/wp\/v2\/types\/page"}],"author":[{"embeddable":true,"href":"https:\/\/idpprotec.com\/index.php\/wp-json\/wp\/v2\/users\/1"}],"replies":[{"embeddable":true,"href":"https:\/\/idpprotec.com\/index.php\/wp-json\/wp\/v2\/comments?post=187"}],"version-history":[{"count":12,"href":"https:\/\/idpprotec.com\/index.php\/wp-json\/wp\/v2\/pages\/187\/revisions"}],"predecessor-version":[{"id":438,"href":"https:\/\/idpprotec.com\/index.php\/wp-json\/wp\/v2\/pages\/187\/revisions\/438"}],"up":[{"embeddable":true,"href":"https:\/\/idpprotec.com\/index.php\/wp-json\/wp\/v2\/pages\/62"}],"wp:featuredmedia":[{"embeddable":true,"href":"https:\/\/idpprotec.com\/index.php\/wp-json\/wp\/v2\/media\/100"}],"wp:attachment":[{"href":"https:\/\/idpprotec.com\/index.php\/wp-json\/wp\/v2\/media?parent=187"}],"curies":[{"name":"wp","href":"https:\/\/api.w.org\/{rel}","templated":true}]}}