{"id":184,"date":"2021-02-15T13:07:44","date_gmt":"2021-02-15T12:07:44","guid":{"rendered":"http:\/\/idpprotec.com\/?page_id=184"},"modified":"2021-03-22T11:22:20","modified_gmt":"2021-03-22T10:22:20","slug":"higiene-industrial","status":"publish","type":"page","link":"https:\/\/idpprotec.com\/index.php\/servicio-tecnico\/higiene-industrial\/","title":{"rendered":"Higiene Industrial"},"content":{"rendered":"\n<p class=\"has-headings-color has-text-color\">Realizamos verificaciones y reparaciones de diferentes equipos de medici\u00f3n:<\/p>\n\n\n\n<ul><li><strong>Bombas de Muestreo<\/strong><\/li><li><strong>Lux\u00f3metros<\/strong><\/li><li><strong>Medidores de Temperatura y Humedad<\/strong><\/li><li><strong>Anem\u00f3metros<\/strong><\/li><li><strong>Monitores de Polvo y aerosoles<\/strong><\/li><li><strong>Monitores de Estr\u00e9s T\u00e9rmico<\/strong><\/li><\/ul>\n\n\n\n<p class=\"has-headings-color has-text-color\">Si necesitas m\u00e1s informaci\u00f3n o un presupuesto, puedes llamarnos o rellenar el formulario y nos pondremos en contacto contigo lo antes posible.<\/p>\n","protected":false},"excerpt":{"rendered":"<p>Realizamos verificaciones y reparaciones de diferentes equipos de medici\u00f3n: Bombas de Muestreo Lux\u00f3metros Medidores de Temperatura y Humedad Anem\u00f3metros Monitores de Polvo y aerosoles Monitores &hellip;<\/p>\n","protected":false},"author":1,"featured_media":153,"parent":62,"menu_order":1,"comment_status":"closed","ping_status":"closed","template":"","meta":[],"_links":{"self":[{"href":"https:\/\/idpprotec.com\/index.php\/wp-json\/wp\/v2\/pages\/184"}],"collection":[{"href":"https:\/\/idpprotec.com\/index.php\/wp-json\/wp\/v2\/pages"}],"about":[{"href":"https:\/\/idpprotec.com\/index.php\/wp-json\/wp\/v2\/types\/page"}],"author":[{"embeddable":true,"href":"https:\/\/idpprotec.com\/index.php\/wp-json\/wp\/v2\/users\/1"}],"replies":[{"embeddable":true,"href":"https:\/\/idpprotec.com\/index.php\/wp-json\/wp\/v2\/comments?post=184"}],"version-history":[{"count":7,"href":"https:\/\/idpprotec.com\/index.php\/wp-json\/wp\/v2\/pages\/184\/revisions"}],"predecessor-version":[{"id":281,"href":"https:\/\/idpprotec.com\/index.php\/wp-json\/wp\/v2\/pages\/184\/revisions\/281"}],"up":[{"embeddable":true,"href":"https:\/\/idpprotec.com\/index.php\/wp-json\/wp\/v2\/pages\/62"}],"wp:featuredmedia":[{"embeddable":true,"href":"https:\/\/idpprotec.com\/index.php\/wp-json\/wp\/v2\/media\/153"}],"wp:attachment":[{"href":"https:\/\/idpprotec.com\/index.php\/wp-json\/wp\/v2\/media?parent=184"}],"curies":[{"name":"wp","href":"https:\/\/api.w.org\/{rel}","templated":true}]}}