{"id":181,"date":"2021-02-15T12:58:51","date_gmt":"2021-02-15T11:58:51","guid":{"rendered":"http:\/\/idpprotec.com\/?page_id=181"},"modified":"2021-03-22T16:18:15","modified_gmt":"2021-03-22T15:18:15","slug":"deteccion-de-gases","status":"publish","type":"page","link":"https:\/\/idpprotec.com\/index.php\/servicio-tecnico\/deteccion-de-gases\/","title":{"rendered":"Detecci\u00f3n de gases"},"content":{"rendered":"\n<p class=\"has-headings-color has-text-color\">Los equipos de detecci\u00f3n de gas fijos y port\u00e1tiles, se utilizan para proteger tanto a las personas como a las instalaciones donde se utilicen gases t\u00f3xicos y combustibles. Estos gases, pueden generar graves problemas, por lo que es muy importante tener siempre los sistemas de detecci\u00f3n de gas con su correspondiente mantenimiento realizado. En iDP Protec, nos aseguramos de darte el mejor servicio, manteniendo todos tus sistemas a punto para que nos avisen ante cualquier posible adversidad.<\/p>\n\n\n\n<p class=\"has-headings-color has-text-color\">Si necesitas m\u00e1s informaci\u00f3n o un presupuesto, puedes llamarnos o rellenar el formulario y nos pondremos en contacto contigo lo antes posible.<\/p>\n","protected":false},"excerpt":{"rendered":"<p>Los equipos de detecci\u00f3n de gas fijos y port\u00e1tiles, se utilizan para proteger tanto a las personas como a las instalaciones donde se utilicen gases &hellip;<\/p>\n","protected":false},"author":1,"featured_media":195,"parent":62,"menu_order":0,"comment_status":"closed","ping_status":"closed","template":"","meta":[],"_links":{"self":[{"href":"https:\/\/idpprotec.com\/index.php\/wp-json\/wp\/v2\/pages\/181"}],"collection":[{"href":"https:\/\/idpprotec.com\/index.php\/wp-json\/wp\/v2\/pages"}],"about":[{"href":"https:\/\/idpprotec.com\/index.php\/wp-json\/wp\/v2\/types\/page"}],"author":[{"embeddable":true,"href":"https:\/\/idpprotec.com\/index.php\/wp-json\/wp\/v2\/users\/1"}],"replies":[{"embeddable":true,"href":"https:\/\/idpprotec.com\/index.php\/wp-json\/wp\/v2\/comments?post=181"}],"version-history":[{"count":6,"href":"https:\/\/idpprotec.com\/index.php\/wp-json\/wp\/v2\/pages\/181\/revisions"}],"predecessor-version":[{"id":305,"href":"https:\/\/idpprotec.com\/index.php\/wp-json\/wp\/v2\/pages\/181\/revisions\/305"}],"up":[{"embeddable":true,"href":"https:\/\/idpprotec.com\/index.php\/wp-json\/wp\/v2\/pages\/62"}],"wp:featuredmedia":[{"embeddable":true,"href":"https:\/\/idpprotec.com\/index.php\/wp-json\/wp\/v2\/media\/195"}],"wp:attachment":[{"href":"https:\/\/idpprotec.com\/index.php\/wp-json\/wp\/v2\/media?parent=181"}],"curies":[{"name":"wp","href":"https:\/\/api.w.org\/{rel}","templated":true}]}}